{"id":9,"date":"2018-02-04T12:25:02","date_gmt":"2018-02-04T11:25:02","guid":{"rendered":"http:\/\/kafo85-001-site1.itempurl.com\/?page_id=9"},"modified":"2022-08-11T21:17:28","modified_gmt":"2022-08-11T20:17:28","slug":"contact","status":"publish","type":"page","link":"http:\/\/www.edm-nivelles.be\/?page_id=9","title":{"rendered":"Contact"},"content":{"rendered":"<p>Pour toute information, n&rsquo;h\u00e9sitez pas \u00e0 nous joindre :<\/p>\n<p>Informations g\u00e9n\u00e9rales : info@edm-nivelles.be<\/p>\n<p>Stages : stages@edm-nivelles.be<\/p>\n<p>Contact t\u00e9l\u00e9phonique : 067\/22.17.79 ou 0475\/685.799<\/p>\n","protected":false},"excerpt":{"rendered":"<p>Pour toute information, n&rsquo;h\u00e9sitez pas \u00e0 nous joindre : Informations g\u00e9n\u00e9rales : info@edm-nivelles.be Stages : stages@edm-nivelles.be Contact t\u00e9l\u00e9phonique : 067\/22.17.79 ou 0475\/685.799<\/p>\n","protected":false},"author":1,"featured_media":71,"parent":0,"menu_order":0,"comment_status":"closed","ping_status":"closed","template":"","meta":{"footnotes":""},"class_list":["post-9","page","type-page","status-publish","has-post-thumbnail","hentry"],"aioseo_notices":[],"_links":{"self":[{"href":"http:\/\/www.edm-nivelles.be\/index.php?rest_route=\/wp\/v2\/pages\/9","targetHints":{"allow":["GET"]}}],"collection":[{"href":"http:\/\/www.edm-nivelles.be\/index.php?rest_route=\/wp\/v2\/pages"}],"about":[{"href":"http:\/\/www.edm-nivelles.be\/index.php?rest_route=\/wp\/v2\/types\/page"}],"author":[{"embeddable":true,"href":"http:\/\/www.edm-nivelles.be\/index.php?rest_route=\/wp\/v2\/users\/1"}],"replies":[{"embeddable":true,"href":"http:\/\/www.edm-nivelles.be\/index.php?rest_route=%2Fwp%2Fv2%2Fcomments&post=9"}],"version-history":[{"count":2,"href":"http:\/\/www.edm-nivelles.be\/index.php?rest_route=\/wp\/v2\/pages\/9\/revisions"}],"predecessor-version":[{"id":57,"href":"http:\/\/www.edm-nivelles.be\/index.php?rest_route=\/wp\/v2\/pages\/9\/revisions\/57"}],"wp:featuredmedia":[{"embeddable":true,"href":"http:\/\/www.edm-nivelles.be\/index.php?rest_route=\/wp\/v2\/media\/71"}],"wp:attachment":[{"href":"http:\/\/www.edm-nivelles.be\/index.php?rest_route=%2Fwp%2Fv2%2Fmedia&parent=9"}],"curies":[{"name":"wp","href":"https:\/\/api.w.org\/{rel}","templated":true}]}}