{"id":7,"date":"2018-02-04T12:25:02","date_gmt":"2018-02-04T11:25:02","guid":{"rendered":"http:\/\/kafo85-001-site1.itempurl.com\/?page_id=7"},"modified":"2023-05-22T21:16:01","modified_gmt":"2023-05-22T20:16:01","slug":"accueil","status":"publish","type":"page","link":"https:\/\/www.edm-nivelles.be\/","title":{"rendered":"Ecole du Mouvement"},"content":{"rendered":"<p>Bienvenue sur le site de l&rsquo;Ecole du Mouvement de Nivelles.<\/p>\n<p>Notre ASBL organise depuis plus de 25 ans des activit\u00e9s destin\u00e9es au d\u00e9veloppement des jeunes.<\/p>\n<p>Depuis 1997, notre ASBL anime chaque samedi un activit\u00e9 de psychomotricit\u00e9 destin\u00e9e aux petits d\u00e8s le moment o\u00f9 ils savent marcher jusqu&rsquo;\u00e0 2ans.<\/p>\n<p>Nos activit\u00e9s sont vari\u00e9es:<\/p>\n<ul>\n<li>stages pendant les vacances scolaires<\/li>\n<li>\u00e9cole du ballon pour les jeunes de 3 \u00e0 6 ans<\/li>\n<li>garderies sportives et culturelles<\/li>\n<\/ul>\n<p>N&rsquo;h\u00e9sitez pas \u00e0 nous contacter si vous avez des questions!<\/p>\n","protected":false},"excerpt":{"rendered":"<p>Bienvenue sur le site de l&rsquo;Ecole du Mouvement de Nivelles. Notre ASBL organise depuis plus de 25 ans des activit\u00e9s destin\u00e9es au d\u00e9veloppement des jeunes. Depuis 1997, notre ASBL anime chaque samedi un activit\u00e9 de psychomotricit\u00e9 destin\u00e9e aux petits d\u00e8s le moment o\u00f9 ils savent marcher jusqu&rsquo;\u00e0 2ans. Nos activit\u00e9s sont vari\u00e9es: stages pendant les &hellip; <\/p>\n<p class=\"link-more\"><a href=\"https:\/\/www.edm-nivelles.be\/\" class=\"more-link\">Continuer la lecture<span class=\"screen-reader-text\"> de &laquo;&nbsp;Ecole du Mouvement&nbsp;&raquo;<\/span><\/a><\/p>\n","protected":false},"author":2,"featured_media":0,"parent":0,"menu_order":0,"comment_status":"closed","ping_status":"closed","template":"","meta":{"footnotes":""},"class_list":["post-7","page","type-page","status-publish","hentry"],"aioseo_notices":[],"_links":{"self":[{"href":"https:\/\/www.edm-nivelles.be\/index.php?rest_route=\/wp\/v2\/pages\/7","targetHints":{"allow":["GET"]}}],"collection":[{"href":"https:\/\/www.edm-nivelles.be\/index.php?rest_route=\/wp\/v2\/pages"}],"about":[{"href":"https:\/\/www.edm-nivelles.be\/index.php?rest_route=\/wp\/v2\/types\/page"}],"author":[{"embeddable":true,"href":"https:\/\/www.edm-nivelles.be\/index.php?rest_route=\/wp\/v2\/users\/2"}],"replies":[{"embeddable":true,"href":"https:\/\/www.edm-nivelles.be\/index.php?rest_route=%2Fwp%2Fv2%2Fcomments&post=7"}],"version-history":[{"count":4,"href":"https:\/\/www.edm-nivelles.be\/index.php?rest_route=\/wp\/v2\/pages\/7\/revisions"}],"predecessor-version":[{"id":222,"href":"https:\/\/www.edm-nivelles.be\/index.php?rest_route=\/wp\/v2\/pages\/7\/revisions\/222"}],"wp:attachment":[{"href":"https:\/\/www.edm-nivelles.be\/index.php?rest_route=%2Fwp%2Fv2%2Fmedia&parent=7"}],"curies":[{"name":"wp","href":"https:\/\/api.w.org\/{rel}","templated":true}]}}